{"id":10,"date":"2025-08-20T11:25:09","date_gmt":"2025-08-20T14:25:09","guid":{"rendered":"http:\/\/lardivinoamigo2025.test\/?page_id=10"},"modified":"2025-11-12T12:01:46","modified_gmt":"2025-11-12T15:01:46","slug":"elementor-10","status":"publish","type":"page","link":"https:\/\/lar.maepaulista.com.br\/","title":{"rendered":"HOME"},"content":{"rendered":"\t\t<div data-elementor-type=\"wp-page\" data-elementor-id=\"10\" class=\"elementor elementor-10\">\n\t\t\t\t<div class=\"elementor-element elementor-element-afdc107 e-con-full e-flex e-con e-parent\" data-id=\"afdc107\" data-element_type=\"container\" data-settings=\"{&quot;background_background&quot;:&quot;classic&quot;}\">\n\t\t\t\t<\/div>\n\t\t<div class=\"elementor-element elementor-element-8a6d772 e-flex e-con-boxed e-con e-parent\" data-id=\"8a6d772\" data-element_type=\"container\" data-settings=\"{&quot;background_background&quot;:&quot;classic&quot;}\">\n\t\t\t\t\t<div class=\"e-con-inner\">\n\t\t<div class=\"elementor-element elementor-element-5c0fddf e-con-full e-flex e-con e-child\" data-id=\"5c0fddf\" data-element_type=\"container\">\n\t\t\t\t<div class=\"elementor-element elementor-element-77edd2b elementor-widget elementor-widget-heading\" data-id=\"77edd2b\" data-element_type=\"widget\" data-widget_type=\"heading.default\">\n\t\t\t\t\t<h2 class=\"elementor-heading-title elementor-size-default\">QUEM SOMOS<\/h2>\t\t\t\t<\/div>\n\t\t\t\t<div class=\"elementor-element elementor-element-5009fad elementor-widget elementor-widget-text-editor\" data-id=\"5009fad\" data-element_type=\"widget\" data-widget_type=\"text-editor.default\">\n\t\t\t\t\t\t\t\t\t<p>O Lar Divino Amigo \u00e9 uma entidade filantr\u00f3pica que vem desde 1984 lutando pelo bem estar da velhice desamparada e pelo progresso da comunidade carente da regi\u00e3o.<\/p>\t\t\t\t\t\t\t\t<\/div>\n\t\t\t\t<div class=\"elementor-element elementor-element-794689f elementor-widget elementor-widget-button\" data-id=\"794689f\" data-element_type=\"widget\" data-widget_type=\"button.default\">\n\t\t\t\t\t\t\t\t\t\t<a class=\"elementor-button elementor-button-link elementor-size-sm\" href=\"https:\/\/lardivinoamigo.org.br\/index.php\/como-nos-ajudar\/\">\n\t\t\t\t\t\t<span class=\"elementor-button-content-wrapper\">\n\t\t\t\t\t\t\t\t\t<span class=\"elementor-button-text\">Saiba como ajudar<\/span>\n\t\t\t\t\t<\/span>\n\t\t\t\t\t<\/a>\n\t\t\t\t\t\t\t\t<\/div>\n\t\t\t\t<\/div>\n\t\t<div class=\"elementor-element elementor-element-61fbe0c e-con-full e-flex e-con e-child\" data-id=\"61fbe0c\" data-element_type=\"container\">\n\t\t\t\t<div class=\"elementor-element elementor-element-ae9578c elementor-widget elementor-widget-image\" data-id=\"ae9578c\" data-element_type=\"widget\" data-widget_type=\"image.default\">\n\t\t\t\t\t\t\t\t\t\t\t\t\t\t\t<img fetchpriority=\"high\" decoding=\"async\" width=\"800\" height=\"800\" src=\"https:\/\/lar.maepaulista.com.br\/wp-content\/uploads\/2025\/08\/foto-lar-site-home.jpg\" class=\"attachment-large size-large wp-image-124\" alt=\"\" srcset=\"https:\/\/lar.maepaulista.com.br\/wp-content\/uploads\/2025\/08\/foto-lar-site-home.jpg 800w, https:\/\/lar.maepaulista.com.br\/wp-content\/uploads\/2025\/08\/foto-lar-site-home-300x300.jpg 300w, https:\/\/lar.maepaulista.com.br\/wp-content\/uploads\/2025\/08\/foto-lar-site-home-150x150.jpg 150w, https:\/\/lar.maepaulista.com.br\/wp-content\/uploads\/2025\/08\/foto-lar-site-home-768x768.jpg 768w\" sizes=\"(max-width: 800px) 100vw, 800px\" \/>\t\t\t\t\t\t\t\t\t\t\t\t\t\t\t<\/div>\n\t\t\t\t<\/div>\n\t\t\t\t\t<\/div>\n\t\t\t\t<\/div>\n\t\t<div class=\"elementor-element elementor-element-ef86082 e-flex e-con-boxed e-con e-parent\" data-id=\"ef86082\" data-element_type=\"container\">\n\t\t\t\t\t<div class=\"e-con-inner\">\n\t\t\t\t<div class=\"elementor-element elementor-element-5397b82 elementor-widget elementor-widget-heading\" data-id=\"5397b82\" data-element_type=\"widget\" data-widget_type=\"heading.default\">\n\t\t\t\t\t<h2 class=\"elementor-heading-title elementor-size-default\">UM LAR REPLETO DE CARINHO E AMOR<\/h2>\t\t\t\t<\/div>\n\t\t\t\t<div class=\"elementor-element elementor-element-e02df79 elementor-arrows-position-inside elementor-pagination-position-outside elementor-widget elementor-widget-image-carousel\" data-id=\"e02df79\" data-element_type=\"widget\" data-settings=\"{&quot;navigation&quot;:&quot;both&quot;,&quot;autoplay&quot;:&quot;yes&quot;,&quot;pause_on_hover&quot;:&quot;yes&quot;,&quot;pause_on_interaction&quot;:&quot;yes&quot;,&quot;autoplay_speed&quot;:5000,&quot;infinite&quot;:&quot;yes&quot;,&quot;speed&quot;:500}\" data-widget_type=\"image-carousel.default\">\n\t\t\t\t\t\t\t<div class=\"elementor-image-carousel-wrapper swiper\" role=\"region\" aria-roledescription=\"carousel\" aria-label=\"fotos lar\" dir=\"ltr\">\n\t\t\t<div class=\"elementor-image-carousel swiper-wrapper\" aria-live=\"off\">\n\t\t\t\t\t\t\t\t<div class=\"swiper-slide\" role=\"group\" aria-roledescription=\"slide\" aria-label=\"1 de 6\"><figure class=\"swiper-slide-inner\"><img decoding=\"async\" class=\"swiper-slide-image\" src=\"https:\/\/lar.maepaulista.com.br\/wp-content\/uploads\/2025\/08\/foto-lar-6-300x300.jpg\" alt=\"foto-lar-6\" \/><\/figure><\/div><div class=\"swiper-slide\" role=\"group\" aria-roledescription=\"slide\" aria-label=\"2 de 6\"><figure class=\"swiper-slide-inner\"><img decoding=\"async\" class=\"swiper-slide-image\" src=\"https:\/\/lar.maepaulista.com.br\/wp-content\/uploads\/2025\/08\/foto-lar-4-300x300.jpg\" alt=\"foto-lar-4\" \/><\/figure><\/div><div class=\"swiper-slide\" role=\"group\" aria-roledescription=\"slide\" aria-label=\"3 de 6\"><figure class=\"swiper-slide-inner\"><img decoding=\"async\" class=\"swiper-slide-image\" src=\"https:\/\/lar.maepaulista.com.br\/wp-content\/uploads\/2025\/08\/foto-lar-3-300x300.jpg\" alt=\"foto-lar-3\" \/><\/figure><\/div><div class=\"swiper-slide\" role=\"group\" aria-roledescription=\"slide\" aria-label=\"4 de 6\"><figure class=\"swiper-slide-inner\"><img decoding=\"async\" class=\"swiper-slide-image\" src=\"https:\/\/lar.maepaulista.com.br\/wp-content\/uploads\/2025\/08\/foto-lar-2-300x300.jpg\" alt=\"foto-lar-2\" \/><\/figure><\/div><div class=\"swiper-slide\" role=\"group\" aria-roledescription=\"slide\" aria-label=\"5 de 6\"><figure class=\"swiper-slide-inner\"><img decoding=\"async\" class=\"swiper-slide-image\" src=\"https:\/\/lar.maepaulista.com.br\/wp-content\/uploads\/2025\/08\/foto-lar-1-300x300.jpg\" alt=\"foto-lar-1\" \/><\/figure><\/div><div class=\"swiper-slide\" role=\"group\" aria-roledescription=\"slide\" aria-label=\"6 de 6\"><figure class=\"swiper-slide-inner\"><img decoding=\"async\" class=\"swiper-slide-image\" src=\"https:\/\/lar.maepaulista.com.br\/wp-content\/uploads\/2025\/08\/foto-lar-5-300x300.jpg\" alt=\"foto-lar-5\" \/><\/figure><\/div>\t\t\t<\/div>\n\t\t\t\t\t\t\t\t\t\t\t\t<div class=\"elementor-swiper-button elementor-swiper-button-prev\" role=\"button\" tabindex=\"0\">\n\t\t\t\t\t\t<svg aria-hidden=\"true\" class=\"e-font-icon-svg e-eicon-chevron-left\" viewBox=\"0 0 1000 1000\" xmlns=\"http:\/\/www.w3.org\/2000\/svg\"><path d=\"M646 125C629 125 613 133 604 142L308 442C296 454 292 471 292 487 292 504 296 521 308 533L604 854C617 867 629 875 646 875 663 875 679 871 692 858 704 846 713 829 713 812 713 796 708 779 692 767L438 487 692 225C700 217 708 204 708 187 708 171 704 154 692 142 675 129 663 125 646 125Z\"><\/path><\/svg>\t\t\t\t\t<\/div>\n\t\t\t\t\t<div class=\"elementor-swiper-button elementor-swiper-button-next\" role=\"button\" tabindex=\"0\">\n\t\t\t\t\t\t<svg aria-hidden=\"true\" class=\"e-font-icon-svg e-eicon-chevron-right\" viewBox=\"0 0 1000 1000\" xmlns=\"http:\/\/www.w3.org\/2000\/svg\"><path d=\"M696 533C708 521 713 504 713 487 713 471 708 454 696 446L400 146C388 133 375 125 354 125 338 125 325 129 313 142 300 154 292 171 292 187 292 204 296 221 308 233L563 492 304 771C292 783 288 800 288 817 288 833 296 850 308 863 321 871 338 875 354 875 371 875 388 867 400 854L696 533Z\"><\/path><\/svg>\t\t\t\t\t<\/div>\n\t\t\t\t\n\t\t\t\t\t\t\t\t\t<div class=\"swiper-pagination\"><\/div>\n\t\t\t\t\t\t\t\t\t<\/div>\n\t\t\t\t\t\t<\/div>\n\t\t\t\t\t<\/div>\n\t\t\t\t<\/div>\n\t\t<div class=\"elementor-element elementor-element-1090c9d e-flex e-con-boxed e-con e-parent\" data-id=\"1090c9d\" data-element_type=\"container\" data-settings=\"{&quot;background_background&quot;:&quot;classic&quot;}\">\n\t\t\t\t\t<div class=\"e-con-inner\">\n\t\t\t\t<div class=\"elementor-element elementor-element-04fc6b0 elementor-widget elementor-widget-heading\" data-id=\"04fc6b0\" data-element_type=\"widget\" data-widget_type=\"heading.default\">\n\t\t\t\t\t<h2 class=\"elementor-heading-title elementor-size-default\">DOE E FA\u00c7A A DIFEREN\u00c7A<\/h2>\t\t\t\t<\/div>\n\t\t\t\t<div class=\"elementor-element elementor-element-f0a4d1d elementor-widget elementor-widget-text-editor\" data-id=\"f0a4d1d\" data-element_type=\"widget\" data-widget_type=\"text-editor.default\">\n\t\t\t\t\t\t\t\t\t<p><button id=\"botao-copiar\" style=\"padding: 25px 34px; background-color: #e74c3c; color: white; border: none; border-radius: 50px; cursor: pointer; font-size: 30px; transition: transform 0.2s ease, background-color 0.2s ease;\"><br \/>PIX DO LAR DIVINO AMIGO<br \/><\/button><\/p><p id=\"aviso\" style=\"color: green; margin-top: 10px; display: none; font-weight: bold;\">Texto copiado com sucesso!<\/p><p><script>\n  \/\/ Lista de textos aleat\u00f3rios\n  const texto = \n    \"54.220.066\/0001-16\";\n\n\n  const botao = document.getElementById(\"botao-copiar\");\n  const aviso = document.getElementById(\"aviso\");\n\n  \/\/ Efeito ao passar o mouse\n  botao.addEventListener(\"mouseenter\", () => {\n    botao.style.transform = \"scale(1.1)\";\n    botao.style.backgroundColor = \"#0096dd\";\n  });\n\n  botao.addEventListener(\"mouseleave\", () => {\n    botao.style.transform = \"scale(1)\";\n    botao.style.backgroundColor = \"#0073aa\";\n  });\n\n  \/\/ A\u00e7\u00e3o ao clicar\n  botao.addEventListener(\"click\", () => {\n\n    copiarTexto(texto)\n    aviso.style.display = \"block\";\n    aviso.textContent = \"Texto copiado com sucesso!\";\n});\n\n function copiarTexto(texto) {\n    const tempInput = document.createElement(\"textarea\");\n    tempInput.value = texto;\n    document.body.appendChild(tempInput);\n    tempInput.select();\n    document.execCommand(\"copy\");\n    document.body.removeChild(tempInput);\n  }\n<\/script><\/p>\t\t\t\t\t\t\t\t<\/div>\n\t\t\t\t<div class=\"elementor-element elementor-element-821578c elementor-widget elementor-widget-text-editor\" data-id=\"821578c\" data-element_type=\"widget\" data-widget_type=\"text-editor.default\">\n\t\t\t\t\t\t\t\t\t<p>Ajude o <strong>Lar Divino Amigo<\/strong> a manter a dignidade das nossas vov\u00f3zinhas!<\/p>\t\t\t\t\t\t\t\t<\/div>\n\t\t\t\t\t<\/div>\n\t\t\t\t<\/div>\n\t\t\t\t<\/div>\n\t\t","protected":false},"excerpt":{"rendered":"<p>QUEM SOMOS O Lar Divino Amigo \u00e9 uma entidade filantr\u00f3pica que vem desde 1984 lutando pelo bem estar da velhice desamparada e pelo progresso da comunidade carente da regi\u00e3o. Saiba como ajudar UM LAR REPLETO DE CARINHO E AMOR DOE E FA\u00c7A A DIFEREN\u00c7A PIX DO LAR DIVINO AMIGO Texto copiado com sucesso! Ajude o [&hellip;]<\/p>\n","protected":false},"author":1,"featured_media":0,"parent":0,"menu_order":0,"comment_status":"closed","ping_status":"closed","template":"elementor_header_footer","meta":{"footnotes":""},"class_list":["post-10","page","type-page","status-publish","hentry"],"_links":{"self":[{"href":"https:\/\/lar.maepaulista.com.br\/index.php\/wp-json\/wp\/v2\/pages\/10","targetHints":{"allow":["GET"]}}],"collection":[{"href":"https:\/\/lar.maepaulista.com.br\/index.php\/wp-json\/wp\/v2\/pages"}],"about":[{"href":"https:\/\/lar.maepaulista.com.br\/index.php\/wp-json\/wp\/v2\/types\/page"}],"author":[{"embeddable":true,"href":"https:\/\/lar.maepaulista.com.br\/index.php\/wp-json\/wp\/v2\/users\/1"}],"replies":[{"embeddable":true,"href":"https:\/\/lar.maepaulista.com.br\/index.php\/wp-json\/wp\/v2\/comments?post=10"}],"version-history":[{"count":5,"href":"https:\/\/lar.maepaulista.com.br\/index.php\/wp-json\/wp\/v2\/pages\/10\/revisions"}],"predecessor-version":[{"id":429,"href":"https:\/\/lar.maepaulista.com.br\/index.php\/wp-json\/wp\/v2\/pages\/10\/revisions\/429"}],"wp:attachment":[{"href":"https:\/\/lar.maepaulista.com.br\/index.php\/wp-json\/wp\/v2\/media?parent=10"}],"curies":[{"name":"wp","href":"https:\/\/api.w.org\/{rel}","templated":true}]}}