{"id":69,"date":"2025-08-21T10:50:48","date_gmt":"2025-08-21T13:50:48","guid":{"rendered":"http:\/\/lardivinoamigo2025.test\/?page_id=69"},"modified":"2025-11-12T12:01:25","modified_gmt":"2025-11-12T15:01:25","slug":"fotos","status":"publish","type":"page","link":"https:\/\/lar.maepaulista.com.br\/index.php\/fotos\/","title":{"rendered":"QUEM SOMOS"},"content":{"rendered":"\t\t<div data-elementor-type=\"wp-page\" data-elementor-id=\"69\" class=\"elementor elementor-69\">\n\t\t\t\t<div class=\"elementor-element elementor-element-3b7c0d7 e-flex e-con-boxed e-con e-parent\" data-id=\"3b7c0d7\" data-element_type=\"container\" data-settings=\"{&quot;background_background&quot;:&quot;classic&quot;}\">\n\t\t\t\t\t<div class=\"e-con-inner\">\n\t\t<div class=\"elementor-element elementor-element-045c89e e-con-full e-flex e-con e-child\" data-id=\"045c89e\" data-element_type=\"container\">\n\t\t\t\t<div class=\"elementor-element elementor-element-08bae7f elementor-widget elementor-widget-heading\" data-id=\"08bae7f\" data-element_type=\"widget\" data-widget_type=\"heading.default\">\n\t\t\t\t\t<h2 class=\"elementor-heading-title elementor-size-default\">QUEM SOMOS<\/h2>\t\t\t\t<\/div>\n\t\t\t\t<div class=\"elementor-element elementor-element-017d420 elementor-widget elementor-widget-text-editor\" data-id=\"017d420\" data-element_type=\"widget\" data-widget_type=\"text-editor.default\">\n\t\t\t\t\t\t\t\t\t<p>O Lar Divino Amigo \u00e9 uma entidade filantr\u00f3pica que vem desde 1984 lutando pelo bem estar da velhice desamparada e pelo progresso da comunidade carente da regi\u00e3o.<\/p><p>No Lar, nossas 20 velhinhas recebem de forma totalmente gratuita, moradia, alimenta\u00e7\u00e3o \u2013 s\u00e3o cinco refei\u00e7\u00f5es di\u00e1rias \u2013 assist\u00eancia m\u00e9dica, rem\u00e9dios, al\u00e9m de muito carinho e dedica\u00e7\u00e3o em tempo integral. A maior parte dessas senhoras foram abandonadas por seus familiares e chegaram at\u00e9 n\u00f3s em condi\u00e7\u00f5es de real necessidade. O Lar \u00e9 mantido por doa\u00e7\u00f5es, bingos, bazares e realiza\u00e7\u00e3o de jantares beneficentes, etc\u2026<\/p><p>Al\u00e9m dessas irm\u00e3zinhas, a entidade desenvolve tamb\u00e9m um trabalho muito importante junto \u00e0 popula\u00e7\u00e3o carente da regi\u00e3o, oferece atendimento m\u00e9dico no Ambulat\u00f3rio do Lar constru\u00eddo para a popula\u00e7\u00e3o.<\/p><p>Desde 1996 com as especialidades de : Cl\u00ednico Geral, Pediatria, Ginecologia e Dentista para Crian\u00e7as e Adolescentes, totalizando cerca de 20.000 pessoas atendidas at\u00e9 2006.<\/p><p>Em funcionamento desde de Junho de 2006, esse mini centro m\u00e9dico j\u00e1 realizou cerca de 86.500 atendimentos, oferecendo atendimento cl\u00ednico nas \u00e1reas de pediatria, ginecologia, odontopediatria, fisioterapia, cl\u00ednica geral e realiza\u00e7\u00e3o de exames de ultrassom.<\/p><p>Para que possamos prosseguir nessa constante caminhada, precisamos de sua ajuda!<\/p><p><em><strong>Abra seu cora\u00e7\u00e3o e aproveite essa oportunidade de praticar a caridade. Ajude-nos a ajudar!!<\/strong><\/em><\/p>\t\t\t\t\t\t\t\t<\/div>\n\t\t\t\t<div class=\"elementor-element elementor-element-02c9fa9 elementor-widget elementor-widget-button\" data-id=\"02c9fa9\" data-element_type=\"widget\" data-widget_type=\"button.default\">\n\t\t\t\t\t\t\t\t\t\t<a class=\"elementor-button elementor-button-link elementor-size-sm elementor-animation-grow\" href=\"https:\/\/lardivinoamigo.org.br\/index.php\/como-nos-ajudar\/\">\n\t\t\t\t\t\t<span class=\"elementor-button-content-wrapper\">\n\t\t\t\t\t\t\t\t\t<span class=\"elementor-button-text\">Saiba como ajudar<\/span>\n\t\t\t\t\t<\/span>\n\t\t\t\t\t<\/a>\n\t\t\t\t\t\t\t\t<\/div>\n\t\t\t\t<\/div>\n\t\t<div class=\"elementor-element elementor-element-fe4772f e-con-full e-flex e-con e-child\" data-id=\"fe4772f\" data-element_type=\"container\">\n\t\t\t\t<div class=\"elementor-element elementor-element-b4fc0c4 elementor-widget__width-inherit elementor-widget elementor-widget-image\" data-id=\"b4fc0c4\" data-element_type=\"widget\" data-widget_type=\"image.default\">\n\t\t\t\t\t\t\t\t\t\t\t\t\t\t\t<img fetchpriority=\"high\" decoding=\"async\" width=\"800\" height=\"800\" src=\"https:\/\/lar.maepaulista.com.br\/wp-content\/uploads\/2025\/08\/DIAR-ATO-DE-AMOR-QUEM-SOMOS-1024x1024.jpg\" class=\"attachment-large size-large wp-image-214\" alt=\"\" srcset=\"https:\/\/lar.maepaulista.com.br\/wp-content\/uploads\/2025\/08\/DIAR-ATO-DE-AMOR-QUEM-SOMOS-1024x1024.jpg 1024w, https:\/\/lar.maepaulista.com.br\/wp-content\/uploads\/2025\/08\/DIAR-ATO-DE-AMOR-QUEM-SOMOS-300x300.jpg 300w, https:\/\/lar.maepaulista.com.br\/wp-content\/uploads\/2025\/08\/DIAR-ATO-DE-AMOR-QUEM-SOMOS-150x150.jpg 150w, https:\/\/lar.maepaulista.com.br\/wp-content\/uploads\/2025\/08\/DIAR-ATO-DE-AMOR-QUEM-SOMOS-768x768.jpg 768w, https:\/\/lar.maepaulista.com.br\/wp-content\/uploads\/2025\/08\/DIAR-ATO-DE-AMOR-QUEM-SOMOS.jpg 1500w\" sizes=\"(max-width: 800px) 100vw, 800px\" \/>\t\t\t\t\t\t\t\t\t\t\t\t\t\t\t<\/div>\n\t\t\t\t<\/div>\n\t\t\t\t\t<\/div>\n\t\t\t\t<\/div>\n\t\t<div class=\"elementor-element elementor-element-60448eb e-flex e-con-boxed e-con e-parent\" data-id=\"60448eb\" data-element_type=\"container\">\n\t\t\t\t\t<div class=\"e-con-inner\">\n\t\t<div class=\"elementor-element elementor-element-f3447a3 e-con-full e-flex e-con e-child\" data-id=\"f3447a3\" data-element_type=\"container\">\n\t\t\t\t<div class=\"elementor-element elementor-element-948bbec elementor-widget elementor-widget-image\" data-id=\"948bbec\" data-element_type=\"widget\" data-widget_type=\"image.default\">\n\t\t\t\t\t\t\t\t\t\t\t\t\t\t\t<img decoding=\"async\" width=\"800\" height=\"800\" src=\"https:\/\/lar.maepaulista.com.br\/wp-content\/uploads\/2025\/08\/foto-10.jpg\" class=\"attachment-large size-large wp-image-317\" alt=\"\" srcset=\"https:\/\/lar.maepaulista.com.br\/wp-content\/uploads\/2025\/08\/foto-10.jpg 800w, https:\/\/lar.maepaulista.com.br\/wp-content\/uploads\/2025\/08\/foto-10-300x300.jpg 300w, https:\/\/lar.maepaulista.com.br\/wp-content\/uploads\/2025\/08\/foto-10-150x150.jpg 150w, https:\/\/lar.maepaulista.com.br\/wp-content\/uploads\/2025\/08\/foto-10-768x768.jpg 768w\" sizes=\"(max-width: 800px) 100vw, 800px\" \/>\t\t\t\t\t\t\t\t\t\t\t\t\t\t\t<\/div>\n\t\t\t\t<\/div>\n\t\t<div class=\"elementor-element elementor-element-efe52b9 e-con-full e-flex e-con e-child\" data-id=\"efe52b9\" data-element_type=\"container\">\n\t\t\t\t<div class=\"elementor-element elementor-element-dad106f elementor-widget elementor-widget-image\" data-id=\"dad106f\" data-element_type=\"widget\" data-widget_type=\"image.default\">\n\t\t\t\t\t\t\t\t\t\t\t\t\t\t\t<img decoding=\"async\" width=\"800\" height=\"800\" src=\"https:\/\/lar.maepaulista.com.br\/wp-content\/uploads\/2025\/08\/foto-1.jpg\" class=\"attachment-large size-large wp-image-326\" alt=\"\" srcset=\"https:\/\/lar.maepaulista.com.br\/wp-content\/uploads\/2025\/08\/foto-1.jpg 800w, https:\/\/lar.maepaulista.com.br\/wp-content\/uploads\/2025\/08\/foto-1-300x300.jpg 300w, https:\/\/lar.maepaulista.com.br\/wp-content\/uploads\/2025\/08\/foto-1-150x150.jpg 150w, https:\/\/lar.maepaulista.com.br\/wp-content\/uploads\/2025\/08\/foto-1-768x768.jpg 768w\" sizes=\"(max-width: 800px) 100vw, 800px\" \/>\t\t\t\t\t\t\t\t\t\t\t\t\t\t\t<\/div>\n\t\t\t\t<\/div>\n\t\t<div class=\"elementor-element elementor-element-0560973 e-con-full e-flex e-con e-child\" data-id=\"0560973\" data-element_type=\"container\">\n\t\t\t\t<div class=\"elementor-element elementor-element-966059d elementor-widget elementor-widget-image\" data-id=\"966059d\" data-element_type=\"widget\" data-widget_type=\"image.default\">\n\t\t\t\t\t\t\t\t\t\t\t\t\t\t\t<img loading=\"lazy\" decoding=\"async\" width=\"800\" height=\"800\" src=\"https:\/\/lar.maepaulista.com.br\/wp-content\/uploads\/2025\/08\/foto-2.jpg\" class=\"attachment-large size-large wp-image-325\" alt=\"\" srcset=\"https:\/\/lar.maepaulista.com.br\/wp-content\/uploads\/2025\/08\/foto-2.jpg 800w, https:\/\/lar.maepaulista.com.br\/wp-content\/uploads\/2025\/08\/foto-2-300x300.jpg 300w, https:\/\/lar.maepaulista.com.br\/wp-content\/uploads\/2025\/08\/foto-2-150x150.jpg 150w, https:\/\/lar.maepaulista.com.br\/wp-content\/uploads\/2025\/08\/foto-2-768x768.jpg 768w\" sizes=\"(max-width: 800px) 100vw, 800px\" \/>\t\t\t\t\t\t\t\t\t\t\t\t\t\t\t<\/div>\n\t\t\t\t<\/div>\n\t\t<div class=\"elementor-element elementor-element-7616bc1 e-con-full e-flex e-con e-child\" data-id=\"7616bc1\" data-element_type=\"container\">\n\t\t\t\t<div class=\"elementor-element elementor-element-7c2a340 elementor-widget elementor-widget-image\" data-id=\"7c2a340\" data-element_type=\"widget\" data-widget_type=\"image.default\">\n\t\t\t\t\t\t\t\t\t\t\t\t\t\t\t<img loading=\"lazy\" decoding=\"async\" width=\"800\" height=\"800\" src=\"https:\/\/lar.maepaulista.com.br\/wp-content\/uploads\/2025\/08\/foto-4.jpg\" class=\"attachment-large size-large wp-image-323\" alt=\"\" srcset=\"https:\/\/lar.maepaulista.com.br\/wp-content\/uploads\/2025\/08\/foto-4.jpg 800w, https:\/\/lar.maepaulista.com.br\/wp-content\/uploads\/2025\/08\/foto-4-300x300.jpg 300w, https:\/\/lar.maepaulista.com.br\/wp-content\/uploads\/2025\/08\/foto-4-150x150.jpg 150w, https:\/\/lar.maepaulista.com.br\/wp-content\/uploads\/2025\/08\/foto-4-768x768.jpg 768w\" sizes=\"(max-width: 800px) 100vw, 800px\" \/>\t\t\t\t\t\t\t\t\t\t\t\t\t\t\t<\/div>\n\t\t\t\t<\/div>\n\t\t<div class=\"elementor-element elementor-element-5ff557b e-con-full e-flex e-con e-child\" data-id=\"5ff557b\" data-element_type=\"container\">\n\t\t\t\t<div class=\"elementor-element elementor-element-33f8496 elementor-widget elementor-widget-image\" data-id=\"33f8496\" data-element_type=\"widget\" data-widget_type=\"image.default\">\n\t\t\t\t\t\t\t\t\t\t\t\t\t\t\t<img loading=\"lazy\" decoding=\"async\" width=\"800\" height=\"800\" src=\"https:\/\/lar.maepaulista.com.br\/wp-content\/uploads\/2025\/08\/foto-5.jpg\" class=\"attachment-large size-large wp-image-322\" alt=\"\" srcset=\"https:\/\/lar.maepaulista.com.br\/wp-content\/uploads\/2025\/08\/foto-5.jpg 800w, https:\/\/lar.maepaulista.com.br\/wp-content\/uploads\/2025\/08\/foto-5-300x300.jpg 300w, https:\/\/lar.maepaulista.com.br\/wp-content\/uploads\/2025\/08\/foto-5-150x150.jpg 150w, https:\/\/lar.maepaulista.com.br\/wp-content\/uploads\/2025\/08\/foto-5-768x768.jpg 768w\" sizes=\"(max-width: 800px) 100vw, 800px\" \/>\t\t\t\t\t\t\t\t\t\t\t\t\t\t\t<\/div>\n\t\t\t\t<\/div>\n\t\t<div class=\"elementor-element elementor-element-6760823 e-con-full e-flex e-con e-child\" data-id=\"6760823\" data-element_type=\"container\">\n\t\t\t\t<div class=\"elementor-element elementor-element-25fae34 elementor-widget elementor-widget-image\" data-id=\"25fae34\" data-element_type=\"widget\" data-widget_type=\"image.default\">\n\t\t\t\t\t\t\t\t\t\t\t\t\t\t\t<img loading=\"lazy\" decoding=\"async\" width=\"800\" height=\"800\" src=\"https:\/\/lar.maepaulista.com.br\/wp-content\/uploads\/2025\/08\/foto-6.jpg\" class=\"attachment-large size-large wp-image-321\" alt=\"\" srcset=\"https:\/\/lar.maepaulista.com.br\/wp-content\/uploads\/2025\/08\/foto-6.jpg 800w, https:\/\/lar.maepaulista.com.br\/wp-content\/uploads\/2025\/08\/foto-6-300x300.jpg 300w, https:\/\/lar.maepaulista.com.br\/wp-content\/uploads\/2025\/08\/foto-6-150x150.jpg 150w, https:\/\/lar.maepaulista.com.br\/wp-content\/uploads\/2025\/08\/foto-6-768x768.jpg 768w\" sizes=\"(max-width: 800px) 100vw, 800px\" \/>\t\t\t\t\t\t\t\t\t\t\t\t\t\t\t<\/div>\n\t\t\t\t<\/div>\n\t\t<div class=\"elementor-element elementor-element-5934164 e-con-full e-flex e-con e-child\" data-id=\"5934164\" data-element_type=\"container\">\n\t\t\t\t<div class=\"elementor-element elementor-element-e502fda elementor-widget elementor-widget-image\" data-id=\"e502fda\" data-element_type=\"widget\" data-widget_type=\"image.default\">\n\t\t\t\t\t\t\t\t\t\t\t\t\t\t\t<img loading=\"lazy\" decoding=\"async\" width=\"800\" height=\"800\" src=\"https:\/\/lar.maepaulista.com.br\/wp-content\/uploads\/2025\/08\/foto-7.jpg\" class=\"attachment-large size-large wp-image-320\" alt=\"\" srcset=\"https:\/\/lar.maepaulista.com.br\/wp-content\/uploads\/2025\/08\/foto-7.jpg 800w, https:\/\/lar.maepaulista.com.br\/wp-content\/uploads\/2025\/08\/foto-7-300x300.jpg 300w, https:\/\/lar.maepaulista.com.br\/wp-content\/uploads\/2025\/08\/foto-7-150x150.jpg 150w, https:\/\/lar.maepaulista.com.br\/wp-content\/uploads\/2025\/08\/foto-7-768x768.jpg 768w\" sizes=\"(max-width: 800px) 100vw, 800px\" \/>\t\t\t\t\t\t\t\t\t\t\t\t\t\t\t<\/div>\n\t\t\t\t<\/div>\n\t\t<div class=\"elementor-element elementor-element-f14b6f6 e-con-full e-flex e-con e-child\" data-id=\"f14b6f6\" data-element_type=\"container\">\n\t\t\t\t<div class=\"elementor-element elementor-element-4943be4 elementor-widget elementor-widget-image\" data-id=\"4943be4\" data-element_type=\"widget\" data-widget_type=\"image.default\">\n\t\t\t\t\t\t\t\t\t\t\t\t\t\t\t<img loading=\"lazy\" decoding=\"async\" width=\"800\" height=\"800\" src=\"https:\/\/lar.maepaulista.com.br\/wp-content\/uploads\/2025\/08\/foto-8.jpg\" class=\"attachment-large size-large wp-image-319\" alt=\"\" srcset=\"https:\/\/lar.maepaulista.com.br\/wp-content\/uploads\/2025\/08\/foto-8.jpg 800w, https:\/\/lar.maepaulista.com.br\/wp-content\/uploads\/2025\/08\/foto-8-300x300.jpg 300w, https:\/\/lar.maepaulista.com.br\/wp-content\/uploads\/2025\/08\/foto-8-150x150.jpg 150w, https:\/\/lar.maepaulista.com.br\/wp-content\/uploads\/2025\/08\/foto-8-768x768.jpg 768w\" sizes=\"(max-width: 800px) 100vw, 800px\" \/>\t\t\t\t\t\t\t\t\t\t\t\t\t\t\t<\/div>\n\t\t\t\t<\/div>\n\t\t<div class=\"elementor-element elementor-element-7abb71c e-con-full e-flex e-con e-child\" data-id=\"7abb71c\" data-element_type=\"container\">\n\t\t\t\t<div class=\"elementor-element elementor-element-ca98138 elementor-widget elementor-widget-image\" data-id=\"ca98138\" data-element_type=\"widget\" data-widget_type=\"image.default\">\n\t\t\t\t\t\t\t\t\t\t\t\t\t\t\t<img loading=\"lazy\" decoding=\"async\" width=\"800\" height=\"800\" src=\"https:\/\/lar.maepaulista.com.br\/wp-content\/uploads\/2025\/08\/foto-9.jpg\" class=\"attachment-large size-large wp-image-318\" alt=\"\" srcset=\"https:\/\/lar.maepaulista.com.br\/wp-content\/uploads\/2025\/08\/foto-9.jpg 800w, https:\/\/lar.maepaulista.com.br\/wp-content\/uploads\/2025\/08\/foto-9-300x300.jpg 300w, https:\/\/lar.maepaulista.com.br\/wp-content\/uploads\/2025\/08\/foto-9-150x150.jpg 150w, https:\/\/lar.maepaulista.com.br\/wp-content\/uploads\/2025\/08\/foto-9-768x768.jpg 768w\" sizes=\"(max-width: 800px) 100vw, 800px\" \/>\t\t\t\t\t\t\t\t\t\t\t\t\t\t\t<\/div>\n\t\t\t\t<\/div>\n\t\t\t\t\t<\/div>\n\t\t\t\t<\/div>\n\t\t<div class=\"elementor-element elementor-element-d87a4ea e-flex e-con-boxed e-con e-parent\" data-id=\"d87a4ea\" data-element_type=\"container\">\n\t\t\t\t\t<div class=\"e-con-inner\">\n\t\t\t\t<div class=\"elementor-element elementor-element-83c32d3 elementor-widget elementor-widget-heading\" data-id=\"83c32d3\" data-element_type=\"widget\" data-widget_type=\"heading.default\">\n\t\t\t\t\t<h2 class=\"elementor-heading-title elementor-size-default\">CONHE\u00c7A NOSSO CANAL NO YOUTUBE<\/h2>\t\t\t\t<\/div>\n\t\t\t\t<div class=\"elementor-element elementor-element-4fe70dc elementor-widget__width-initial elementor-widget elementor-widget-video\" data-id=\"4fe70dc\" data-element_type=\"widget\" data-settings=\"{&quot;youtube_url&quot;:&quot;https:\\\/\\\/www.youtube.com\\\/watch?v=Rh5VbgV1UcE&quot;,&quot;video_type&quot;:&quot;youtube&quot;,&quot;controls&quot;:&quot;yes&quot;}\" data-widget_type=\"video.default\">\n\t\t\t\t\t\t\t<div class=\"elementor-wrapper elementor-open-inline\">\n\t\t\t<div class=\"elementor-video\"><\/div>\t\t<\/div>\n\t\t\t\t\t\t<\/div>\n\t\t\t\t\t<\/div>\n\t\t\t\t<\/div>\n\t\t<div class=\"elementor-element elementor-element-aae2946 e-flex e-con-boxed e-con e-parent\" data-id=\"aae2946\" data-element_type=\"container\" data-settings=\"{&quot;background_background&quot;:&quot;classic&quot;}\">\n\t\t\t\t\t<div class=\"e-con-inner\">\n\t\t\t\t<div class=\"elementor-element elementor-element-04d75d9 elementor-widget elementor-widget-heading\" data-id=\"04d75d9\" data-element_type=\"widget\" data-widget_type=\"heading.default\">\n\t\t\t\t\t<h2 class=\"elementor-heading-title elementor-size-default\">DOE E FA\u00c7A A DIFEREN\u00c7A<\/h2>\t\t\t\t<\/div>\n\t\t\t\t<div class=\"elementor-element elementor-element-9dc8c02 elementor-widget elementor-widget-text-editor\" data-id=\"9dc8c02\" data-element_type=\"widget\" data-widget_type=\"text-editor.default\">\n\t\t\t\t\t\t\t\t\t<p><button id=\"botao-copiar\" style=\"padding: 25px 34px; background-color: #e74c3c; color: white; border: none; border-radius: 50px; cursor: pointer; font-size: 30px; transition: transform 0.2s ease, background-color 0.2s ease;\"><br \/>PIX DO LAR DIVINO AMIGO<br \/><\/button><\/p><p id=\"aviso\" style=\"color: green; margin-top: 10px; display: none; font-weight: bold;\">Texto copiado com sucesso!<\/p><p><script>\n  \/\/ Lista de textos aleat\u00f3rios\n  const texto = \n    \"54.220.066\/0001-16\";\n\n\n  const botao = document.getElementById(\"botao-copiar\");\n  const aviso = document.getElementById(\"aviso\");\n\n  \/\/ Efeito ao passar o mouse\n  botao.addEventListener(\"mouseenter\", () => {\n    botao.style.transform = \"scale(1.1)\";\n    botao.style.backgroundColor = \"#0096dd\";\n  });\n\n  botao.addEventListener(\"mouseleave\", () => {\n    botao.style.transform = \"scale(1)\";\n    botao.style.backgroundColor = \"#0073aa\";\n  });\n\n  \/\/ A\u00e7\u00e3o ao clicar\n  botao.addEventListener(\"click\", () => {\n\n    copiarTexto(texto)\n    aviso.style.display = \"block\";\n    aviso.textContent = \"Texto copiado com sucesso!\";\n});\n\n function copiarTexto(texto) {\n    const tempInput = document.createElement(\"textarea\");\n    tempInput.value = texto;\n    document.body.appendChild(tempInput);\n    tempInput.select();\n    document.execCommand(\"copy\");\n    document.body.removeChild(tempInput);\n  }\n<\/script><\/p>\t\t\t\t\t\t\t\t<\/div>\n\t\t\t\t<div class=\"elementor-element elementor-element-647e6f1 elementor-widget elementor-widget-text-editor\" data-id=\"647e6f1\" data-element_type=\"widget\" data-widget_type=\"text-editor.default\">\n\t\t\t\t\t\t\t\t\t<p>Ajude o <strong>Lar Divino Amigo<\/strong> a manter a dignidade das nossas vov\u00f3zinhas!<\/p>\t\t\t\t\t\t\t\t<\/div>\n\t\t\t\t\t<\/div>\n\t\t\t\t<\/div>\n\t\t\t\t<\/div>\n\t\t","protected":false},"excerpt":{"rendered":"<p>QUEM SOMOS O Lar Divino Amigo \u00e9 uma entidade filantr\u00f3pica que vem desde 1984 lutando pelo bem estar da velhice desamparada e pelo progresso da comunidade carente da regi\u00e3o. No Lar, nossas 20 velhinhas recebem de forma totalmente gratuita, moradia, alimenta\u00e7\u00e3o \u2013 s\u00e3o cinco refei\u00e7\u00f5es di\u00e1rias \u2013 assist\u00eancia m\u00e9dica, rem\u00e9dios, al\u00e9m de muito carinho e [&hellip;]<\/p>\n","protected":false},"author":1,"featured_media":0,"parent":0,"menu_order":0,"comment_status":"closed","ping_status":"closed","template":"elementor_header_footer","meta":{"footnotes":""},"class_list":["post-69","page","type-page","status-publish","hentry"],"_links":{"self":[{"href":"https:\/\/lar.maepaulista.com.br\/index.php\/wp-json\/wp\/v2\/pages\/69","targetHints":{"allow":["GET"]}}],"collection":[{"href":"https:\/\/lar.maepaulista.com.br\/index.php\/wp-json\/wp\/v2\/pages"}],"about":[{"href":"https:\/\/lar.maepaulista.com.br\/index.php\/wp-json\/wp\/v2\/types\/page"}],"author":[{"embeddable":true,"href":"https:\/\/lar.maepaulista.com.br\/index.php\/wp-json\/wp\/v2\/users\/1"}],"replies":[{"embeddable":true,"href":"https:\/\/lar.maepaulista.com.br\/index.php\/wp-json\/wp\/v2\/comments?post=69"}],"version-history":[{"count":5,"href":"https:\/\/lar.maepaulista.com.br\/index.php\/wp-json\/wp\/v2\/pages\/69\/revisions"}],"predecessor-version":[{"id":426,"href":"https:\/\/lar.maepaulista.com.br\/index.php\/wp-json\/wp\/v2\/pages\/69\/revisions\/426"}],"wp:attachment":[{"href":"https:\/\/lar.maepaulista.com.br\/index.php\/wp-json\/wp\/v2\/media?parent=69"}],"curies":[{"name":"wp","href":"https:\/\/api.w.org\/{rel}","templated":true}]}}