{"id":75,"date":"2025-08-21T10:53:36","date_gmt":"2025-08-21T13:53:36","guid":{"rendered":"http:\/\/lardivinoamigo2025.test\/?page_id=75"},"modified":"2025-10-22T15:31:13","modified_gmt":"2025-10-22T18:31:13","slug":"como-nos-ajudar","status":"publish","type":"page","link":"https:\/\/lar.maepaulista.com.br\/index.php\/como-nos-ajudar\/","title":{"rendered":"COMO NOS AJUDAR"},"content":{"rendered":"\t\t<div data-elementor-type=\"wp-page\" data-elementor-id=\"75\" class=\"elementor elementor-75\">\n\t\t\t\t<div class=\"elementor-element elementor-element-a6aa8a3 e-flex e-con-boxed e-con e-parent\" data-id=\"a6aa8a3\" data-element_type=\"container\" data-settings=\"{&quot;background_background&quot;:&quot;classic&quot;}\">\n\t\t\t\t\t<div class=\"e-con-inner\">\n\t\t<div class=\"elementor-element elementor-element-cf4071e e-con-full e-flex e-con e-child\" data-id=\"cf4071e\" data-element_type=\"container\">\n\t\t\t\t<div class=\"elementor-element elementor-element-32d4e0c elementor-widget elementor-widget-heading\" data-id=\"32d4e0c\" data-element_type=\"widget\" data-widget_type=\"heading.default\">\n\t\t\t\t\t<h2 class=\"elementor-heading-title elementor-size-default\">Como nos ajudar?<\/h2>\t\t\t\t<\/div>\n\t\t\t\t<div class=\"elementor-element elementor-element-53ab603 elementor-widget elementor-widget-text-editor\" data-id=\"53ab603\" data-element_type=\"widget\" data-widget_type=\"text-editor.default\">\n\t\t\t\t\t\t\t\t\t<p>Contribua com a doa\u00e7\u00e3o de roupas, alimentos, rem\u00e9dios, cal\u00e7ados, produtos de limpeza e higiene. nOsa entidade mant\u00e9m uma conta corrente, da qual recebemos doa\u00e7\u00f5es. O Valor m\u00ednimo \u00e9 de R$ 20,00. Voc\u00ea pode tamb\u00e9m tornar-se um associado, participando do programa Ajude uma Idosa, com uma contribui\u00e7\u00e3o mensal na quantia acima de R$ 20,00.<\/p><p><em><strong>Contamos com sua ajuda para que nossa jornada continue cada vez melhor. Necessitamos ainda de muita solidariedade.<\/strong><\/em><\/p>\t\t\t\t\t\t\t\t<\/div>\n\t\t\t\t<\/div>\n\t\t<div class=\"elementor-element elementor-element-653d56b e-con-full e-flex e-con e-child\" data-id=\"653d56b\" data-element_type=\"container\">\n\t\t\t\t<div class=\"elementor-element elementor-element-113ba3a elementor-widget elementor-widget-image\" data-id=\"113ba3a\" data-element_type=\"widget\" data-widget_type=\"image.default\">\n\t\t\t\t\t\t\t\t\t\t\t\t\t\t\t<img fetchpriority=\"high\" decoding=\"async\" width=\"800\" height=\"600\" src=\"https:\/\/lar.maepaulista.com.br\/wp-content\/uploads\/2025\/08\/bf536ee3-67c5-46d1-9bbe-a7d0d76d7db7-1024x768.jpg\" class=\"attachment-large size-large wp-image-273\" alt=\"\" srcset=\"https:\/\/lar.maepaulista.com.br\/wp-content\/uploads\/2025\/08\/bf536ee3-67c5-46d1-9bbe-a7d0d76d7db7-1024x768.jpg 1024w, https:\/\/lar.maepaulista.com.br\/wp-content\/uploads\/2025\/08\/bf536ee3-67c5-46d1-9bbe-a7d0d76d7db7-300x225.jpg 300w, https:\/\/lar.maepaulista.com.br\/wp-content\/uploads\/2025\/08\/bf536ee3-67c5-46d1-9bbe-a7d0d76d7db7-768x576.jpg 768w, https:\/\/lar.maepaulista.com.br\/wp-content\/uploads\/2025\/08\/bf536ee3-67c5-46d1-9bbe-a7d0d76d7db7.jpg 1152w\" sizes=\"(max-width: 800px) 100vw, 800px\" \/>\t\t\t\t\t\t\t\t\t\t\t\t\t\t\t<\/div>\n\t\t\t\t<\/div>\n\t\t\t\t\t<\/div>\n\t\t\t\t<\/div>\n\t\t<div class=\"elementor-element elementor-element-7ea4e47 e-flex e-con-boxed e-con e-parent\" data-id=\"7ea4e47\" data-element_type=\"container\">\n\t\t\t\t\t<div class=\"e-con-inner\">\n\t\t\t\t<div class=\"elementor-element elementor-element-73224a8 elementor-widget elementor-widget-heading\" data-id=\"73224a8\" data-element_type=\"widget\" data-widget_type=\"heading.default\">\n\t\t\t\t\t<h2 class=\"elementor-heading-title elementor-size-default\">Clique no bot\u00e3o para copiar o c\u00f3digo PIX<\/h2>\t\t\t\t<\/div>\n\t\t\t\t<div class=\"elementor-element elementor-element-ce6a8ca elementor-widget elementor-widget-text-editor\" data-id=\"ce6a8ca\" data-element_type=\"widget\" data-widget_type=\"text-editor.default\">\n\t\t\t\t\t\t\t\t\t<p><button id=\"botao-copiar\" style=\"padding: 25px 34px; background-color: #e74c3c; color: white; border: none; border-radius: 50px; cursor: pointer; font-size: 30px; transition: transform 0.2s ease, background-color 0.2s ease;\"><br \/>PIX DO LAR DIVINO AMIGO<br \/><\/button><\/p><p id=\"aviso\" style=\"color: green; margin-top: 10px; display: none; font-weight: bold;\">Texto copiado com sucesso!<\/p><p><script>\n  \/\/ Lista de textos aleat\u00f3rios\n  const texto = \n    \"54.220.066\/0001-16\";\n\n\n  const botao = document.getElementById(\"botao-copiar\");\n  const aviso = document.getElementById(\"aviso\");\n\n  \/\/ Efeito ao passar o mouse\n  botao.addEventListener(\"mouseenter\", () => {\n    botao.style.transform = \"scale(1.1)\";\n    botao.style.backgroundColor = \"#0096dd\";\n  });\n\n  botao.addEventListener(\"mouseleave\", () => {\n    botao.style.transform = \"scale(1)\";\n    botao.style.backgroundColor = \"#0073aa\";\n  });\n\n  \/\/ A\u00e7\u00e3o ao clicar\n  botao.addEventListener(\"click\", () => {\n\n    copiarTexto(texto)\n    aviso.style.display = \"block\";\n    aviso.textContent = \"Texto copiado com sucesso!\";\n});\n\n function copiarTexto(texto) {\n    const tempInput = document.createElement(\"textarea\");\n    tempInput.value = texto;\n    document.body.appendChild(tempInput);\n    tempInput.select();\n    document.execCommand(\"copy\");\n    document.body.removeChild(tempInput);\n  }\n<\/script><\/p>\t\t\t\t\t\t\t\t<\/div>\n\t\t\t\t\t<\/div>\n\t\t\t\t<\/div>\n\t\t<div class=\"elementor-element elementor-element-813a0d6 e-flex e-con-boxed e-con e-parent\" data-id=\"813a0d6\" data-element_type=\"container\">\n\t\t\t\t\t<div class=\"e-con-inner\">\n\t\t<div class=\"elementor-element elementor-element-ec3e5d0 e-con-full e-flex e-con e-child\" data-id=\"ec3e5d0\" data-element_type=\"container\">\n\t\t\t\t<div class=\"elementor-element elementor-element-9f3e356 elementor-widget elementor-widget-heading\" data-id=\"9f3e356\" data-element_type=\"widget\" data-widget_type=\"heading.default\">\n\t\t\t\t\t<h2 class=\"elementor-heading-title elementor-size-default\">Fa\u00e7a sua doa\u00e7\u00e3o atrav\u00e9s do QR-CODE<\/h2>\t\t\t\t<\/div>\n\t\t\t\t<div class=\"elementor-element elementor-element-3087cde elementor-widget elementor-widget-image\" data-id=\"3087cde\" data-element_type=\"widget\" data-widget_type=\"image.default\">\n\t\t\t\t\t\t\t\t\t\t\t\t\t\t\t<img decoding=\"async\" width=\"287\" height=\"300\" src=\"https:\/\/lar.maepaulista.com.br\/wp-content\/uploads\/2025\/08\/qrcode-pix-lar-divino-amigo-287x300.jpg\" class=\"attachment-medium size-medium wp-image-292\" alt=\"\" srcset=\"https:\/\/lar.maepaulista.com.br\/wp-content\/uploads\/2025\/08\/qrcode-pix-lar-divino-amigo-287x300.jpg 287w, https:\/\/lar.maepaulista.com.br\/wp-content\/uploads\/2025\/08\/qrcode-pix-lar-divino-amigo-980x1024.jpg 980w, https:\/\/lar.maepaulista.com.br\/wp-content\/uploads\/2025\/08\/qrcode-pix-lar-divino-amigo-768x802.jpg 768w, https:\/\/lar.maepaulista.com.br\/wp-content\/uploads\/2025\/08\/qrcode-pix-lar-divino-amigo-1470x1536.jpg 1470w, https:\/\/lar.maepaulista.com.br\/wp-content\/uploads\/2025\/08\/qrcode-pix-lar-divino-amigo-1961x2048.jpg 1961w\" sizes=\"(max-width: 287px) 100vw, 287px\" \/>\t\t\t\t\t\t\t\t\t\t\t\t\t\t\t<\/div>\n\t\t\t\t<\/div>\n\t\t\t\t\t<\/div>\n\t\t\t\t<\/div>\n\t\t<div class=\"elementor-element elementor-element-e91d31f e-flex e-con-boxed e-con e-parent\" data-id=\"e91d31f\" data-element_type=\"container\">\n\t\t\t\t\t<div class=\"e-con-inner\">\n\t\t\t\t<div class=\"elementor-element elementor-element-15122f8 ekit-equal-height-disable elementor-widget elementor-widget-elementskit-icon-box\" data-id=\"15122f8\" data-element_type=\"widget\" data-widget_type=\"elementskit-icon-box.default\">\n\t\t\t\t\t<div class=\"ekit-wid-con\" >        <!-- link opening -->\n                <a href=\"#\" class=\"ekit_global_links\">\n                <!-- end link opening -->\n\n        <div class=\"elementskit-infobox text-center text- icon-top-align elementor-animation-   \">\n                    <div class=\"elementskit-box-header elementor-animation-\">\n                <div class=\"elementskit-info-box-icon  \">\n                    <svg aria-hidden=\"true\" class=\"elementkit-infobox-icon e-font-icon-svg e-fas-money-check\" viewBox=\"0 0 640 512\" xmlns=\"http:\/\/www.w3.org\/2000\/svg\"><path d=\"M0 448c0 17.67 14.33 32 32 32h576c17.67 0 32-14.33 32-32V128H0v320zm448-208c0-8.84 7.16-16 16-16h96c8.84 0 16 7.16 16 16v32c0 8.84-7.16 16-16 16h-96c-8.84 0-16-7.16-16-16v-32zm0 120c0-4.42 3.58-8 8-8h112c4.42 0 8 3.58 8 8v16c0 4.42-3.58 8-8 8H456c-4.42 0-8-3.58-8-8v-16zM64 264c0-4.42 3.58-8 8-8h304c4.42 0 8 3.58 8 8v16c0 4.42-3.58 8-8 8H72c-4.42 0-8-3.58-8-8v-16zm0 96c0-4.42 3.58-8 8-8h176c4.42 0 8 3.58 8 8v16c0 4.42-3.58 8-8 8H72c-4.42 0-8-3.58-8-8v-16zM624 32H16C7.16 32 0 39.16 0 48v48h640V48c0-8.84-7.16-16-16-16z\"><\/path><\/svg>\n                <\/div>\n          <\/div>\n                        <div class=\"box-body\">\n                            <h3 class=\"elementskit-info-box-title\">\n                    Dep\u00f3sito em conta                <\/h3>\n                        \t\t  \t<p>Quem quiser contribuir com o Lar Divino Amigo, pode utilizar-se tamb\u00e9m da op\u00e7\u00e3o dep\u00f3sito em conta.\n\nOs dados banc\u00e1rios s\u00e3o:\n\nBanco Ita\u00fa: (341)\nAg\u00eancia: 0378\nConta Corrente: 28.500-1\n\nFavorecido: Grupo Beneficente Divino Amigo\nCNPJ: 54.220.066\/0001-16<\/p>\n                                <\/div>\n        \n        \n                <\/div>\n                <\/a>\n        <\/div>\t\t\t\t<\/div>\n\t\t\t\t\t<\/div>\n\t\t\t\t<\/div>\n\t\t\t\t<\/div>\n\t\t","protected":false},"excerpt":{"rendered":"<p>Como nos ajudar? Contribua com a doa\u00e7\u00e3o de roupas, alimentos, rem\u00e9dios, cal\u00e7ados, produtos de limpeza e higiene. nOsa entidade mant\u00e9m uma conta corrente, da qual recebemos doa\u00e7\u00f5es. O Valor m\u00ednimo \u00e9 de R$ 20,00. Voc\u00ea pode tamb\u00e9m tornar-se um associado, participando do programa Ajude uma Idosa, com uma contribui\u00e7\u00e3o mensal na quantia acima de R$ [&hellip;]<\/p>\n","protected":false},"author":1,"featured_media":0,"parent":0,"menu_order":0,"comment_status":"closed","ping_status":"closed","template":"elementor_header_footer","meta":{"footnotes":""},"class_list":["post-75","page","type-page","status-publish","hentry"],"_links":{"self":[{"href":"https:\/\/lar.maepaulista.com.br\/index.php\/wp-json\/wp\/v2\/pages\/75","targetHints":{"allow":["GET"]}}],"collection":[{"href":"https:\/\/lar.maepaulista.com.br\/index.php\/wp-json\/wp\/v2\/pages"}],"about":[{"href":"https:\/\/lar.maepaulista.com.br\/index.php\/wp-json\/wp\/v2\/types\/page"}],"author":[{"embeddable":true,"href":"https:\/\/lar.maepaulista.com.br\/index.php\/wp-json\/wp\/v2\/users\/1"}],"replies":[{"embeddable":true,"href":"https:\/\/lar.maepaulista.com.br\/index.php\/wp-json\/wp\/v2\/comments?post=75"}],"version-history":[{"count":5,"href":"https:\/\/lar.maepaulista.com.br\/index.php\/wp-json\/wp\/v2\/pages\/75\/revisions"}],"predecessor-version":[{"id":401,"href":"https:\/\/lar.maepaulista.com.br\/index.php\/wp-json\/wp\/v2\/pages\/75\/revisions\/401"}],"wp:attachment":[{"href":"https:\/\/lar.maepaulista.com.br\/index.php\/wp-json\/wp\/v2\/media?parent=75"}],"curies":[{"name":"wp","href":"https:\/\/api.w.org\/{rel}","templated":true}]}}